{"id":1691,"date":"2021-09-13T07:08:47","date_gmt":"2021-09-13T05:08:47","guid":{"rendered":"https:\/\/www.ak-wien-turk-is.at\/aktivitaten\/"},"modified":"2026-04-08T21:42:51","modified_gmt":"2026-04-08T19:42:51","slug":"etkinlikler","status":"publish","type":"page","link":"https:\/\/www.ak-wien-turk-is.at\/tr\/etkinlikler\/","title":{"rendered":"Etkinlikler"},"content":{"rendered":"\t\t<div data-elementor-type=\"wp-page\" data-elementor-id=\"1691\" class=\"elementor elementor-1691\">\n\t\t\t\t\t\t<section class=\"elementor-section elementor-top-section elementor-element elementor-element-1f03f78 elementor-section-full_width elementor-section-height-default elementor-section-height-default\" data-id=\"1f03f78\" data-element_type=\"section\" data-e-type=\"section\">\n\t\t\t\t\t\t<div class=\"elementor-container elementor-column-gap-no\">\n\t\t\t\t\t<div class=\"elementor-column elementor-col-100 elementor-top-column elementor-element elementor-element-e2e47e8\" data-id=\"e2e47e8\" data-element_type=\"column\" data-e-type=\"column\">\n\t\t\t<div class=\"elementor-widget-wrap elementor-element-populated\">\n\t\t\t\t\t\t<div class=\"elementor-element elementor-element-4ed3fd6 elementor-widget elementor-widget-wpo-canun_title\" data-id=\"4ed3fd6\" data-element_type=\"widget\" data-e-type=\"widget\" data-widget_type=\"wpo-canun_title.default\">\n\t\t\t\t<div class=\"elementor-widget-container\">\n\t\t\t\t\t\t\t<div class=\"wpo-section-area\">\n\t\t\t<div class=\"container\">\n\t\t\t\t<div class=\"row align-items-center\">\n\t\t\t\t\t<div class=\"col-lg-5\">\n\t\t\t\t\t\t<div class=\"wpo-section-title\">\n\t\t\t\t\t\t\t<h2>Etkinlikler<\/h2>\t\t\t\t\t\t<\/div>\n\t\t\t\t\t<\/div>\n\t\t\t\t\t<div class=\"col-lg-5 offset-lg-2\">\n\t\t\t\t\t\t<div class=\"wpo-section-title\">\n\t\t\t\t\t\t\t<p>AK Wien T\u00fcrk-\u0130\u015f olarak, \u00e7al\u0131\u015fanlar\u0131 g\u00fc\u00e7lendirmeyi ve daha kapsay\u0131c\u0131 bir toplum olu\u015fturmay\u0131 hedefliyoruz. Faaliyetlerimiz, \u00e7al\u0131\u015fanlar\u0131n haklar\u0131n\u0131 savunmay\u0131, e\u015fitli\u011fi te\u015fvik etmeyi ve t\u00fcm \u00fcyeler aras\u0131nda bir aidiyet duygusu olu\u015fturmay\u0131 ama\u00e7lamaktad\u0131r. A\u015fa\u011f\u0131da, fark yaratt\u0131\u011f\u0131m\u0131z temel alanlara ili\u015fkin bir \u00f6zet bulabilirsiniz:<\/p>\t\t\t\t\t\t<\/div>\n\t\t\t\t\t<\/div>\n\t\t\t\t<\/div>\n\t\t\t<\/div>\n\t\t<\/div>\n\t\t\t\t<\/div>\n\t\t\t\t<\/div>\n\t\t\t\t<div class=\"elementor-element elementor-element-9b8a1b5 elementor-widget elementor-widget-wpo-canun_service\" data-id=\"9b8a1b5\" data-element_type=\"widget\" data-e-type=\"widget\" data-widget_type=\"wpo-canun_service.default\">\n\t\t\t\t<div class=\"elementor-widget-container\">\n\t\t\t\t\t\n\t\t\t<div class=\"wpo-service-section\">\n\t\t\t\t<div class=\"container\">\n\t\t\t\t\t<div class=\"row align-items-center\">\n\t\t\t\t\t\t\t\t\t\t\t\t\t<div class=\"col col-lg-4 col-12 service-thumbs\">\n\t\t\t\t\t\t\t\t<div class=\"service-thumbs-outer\">\n\t\t\t\t\t\t\t\t\t\t\t\t\t\t\t\t\t\t\t<div class=\"service-thumb active-thumb\" data-case=\"#service-1\">\n\t\t\t\t\t\t\t\t\t\t\t<p>Kampanyalar ve Bilin\u00e7lendirme Programlar\u0131<\/p>\n\t\t\t\t\t\t\t\t\t\t\t<span class=\"number\">01<\/span>\n\t\t\t\t\t\t\t\t\t\t<\/div>\n\t\t\t\t\t\t\t\t\t\t\t\t\t\t\t\t\t\t\t<div class=\"service-thumb dont-active-thumb\" data-case=\"#service-2\">\n\t\t\t\t\t\t\t\t\t\t\t<p>Tart\u0131\u015fmalar, At\u00f6lye \u00c7al\u0131\u015fmalar\u0131 ve Konferanslar<\/p>\n\t\t\t\t\t\t\t\t\t\t\t<span class=\"number\">02<\/span>\n\t\t\t\t\t\t\t\t\t\t<\/div>\n\t\t\t\t\t\t\t\t\t\t\t\t\t\t\t\t\t\t\t<div class=\"service-thumb dont-active-thumb\" data-case=\"#service-3\">\n\t\t\t\t\t\t\t\t\t\t\t<p>Payda\u015flarla \u0130\u015fbirli\u011fi<\/p>\n\t\t\t\t\t\t\t\t\t\t\t<span class=\"number\">03<\/span>\n\t\t\t\t\t\t\t\t\t\t<\/div>\n\t\t\t\t\t\t\t\t\t\t\t\t\t\t\t\t\t\t\t<div class=\"service-thumb dont-active-thumb\" data-case=\"#service-4\">\n\t\t\t\t\t\t\t\t\t\t\t<p>E\u011fitim ve Mesleki Geli\u015fim<\/p>\n\t\t\t\t\t\t\t\t\t\t\t<span class=\"number\">04<\/span>\n\t\t\t\t\t\t\t\t\t\t<\/div>\n\t\t\t\t\t\t\t\t\t\t\t\t\t\t\t\t\t\t\t<div class=\"service-thumb dont-active-thumb\" data-case=\"#service-5\">\n\t\t\t\t\t\t\t\t\t\t\t<p>Destek ve Dan\u0131\u015fmanl\u0131k Hizmetleri<\/p>\n\t\t\t\t\t\t\t\t\t\t\t<span class=\"number\">05<\/span>\n\t\t\t\t\t\t\t\t\t\t<\/div>\n\t\t\t\t\t\t\t\t\t\t\t\t\t\t\t\t\t\t\t<div class=\"service-thumb dont-active-thumb\" data-case=\"#service-6\">\n\t\t\t\t\t\t\t\t\t\t\t<p>Arabuluculuk Hizmetleri<\/p>\n\t\t\t\t\t\t\t\t\t\t\t<span class=\"number\">06<\/span>\n\t\t\t\t\t\t\t\t\t\t<\/div>\n\t\t\t\t\t\t\t\t\t\t\t\t\t\t\t\t\t<\/div>\n\t\t\t\t\t\t\t<\/div>\n\t\t\t\t\t\t\t\t\t\t\t\t\t<div class=\"col col-lg-8 col-12 service-content\">\n\t\t\t\t\t\t\t\t<div class=\"service-content-outer\">\n\t\t\t\t\t\t\t\t\t\t\t\t\t\t\t\t\t\t\t<div class=\"service-data active-service-data\" id=\"service-1\">\n\t\t\t\t\t\t\t\t\t\t\t<div class=\"service-data-img\">\n\t\t\t\t\t\t\t\t\t\t\t\t<img decoding=\"async\" src=\"https:\/\/www.ak-wien-turk-is.at\/wp-content\/uploads\/2025\/01\/1x-min.jpg\" alt=\"\">\t\t\t\t\t\t\t\t\t\t\t\t<div class=\"service-data-text\">\n\t\t\t\t\t\t\t\t\t\t\t\t\t<h3>\n\t\t\t\t\t\t\t\t\t\t\t\t\t\t<a href=\"https:\/\/www.ak-wien-turk-is.at\/tr\/service\/1-kampanyalar-ve-bilinclendirme-programlari\/\">\n\t\t\t\t\t\t\t\t\t\t\t\t\t\t\tKampanyalar ve Bilin\u00e7lendirme Programlar\u0131\t\t\t\t\t\t\t\t\t\t\t\t\t\t<\/a>\n\t\t\t\t\t\t\t\t\t\t\t\t\t<\/h3>\n\t\t\t\t\t\t\t\t\t\t\t\t\t<p>Kampanyalar ve Bilgilendirme Programlar\u0131 \u00c7al\u0131\u015fmalar\u0131m\u0131z\u0131n merkezinde, toplumsal fark\u0131ndal\u0131\u011f\u0131 g\u00fc\u00e7lendirmek, sosyal sorunlar\u0131 g\u00f6r\u00fcn\u00fcr k\u0131lmak ve olumlu de\u011fi\u015fimleri <\/p>\n\t\t\t\t\t\t\t\t\t\t\t\t\t<a href=\"https:\/\/www.ak-wien-turk-is.at\/tr\/service\/1-kampanyalar-ve-bilinclendirme-programlari\/\">Devam\u0131n\u0131 oku<\/a>\t\t\t\t\t\t\t\t\t\t\t\t<\/div>\n\t\t\t\t\t\t\t\t\t\t\t<\/div>\n\t\t\t\t\t\t\t\t\t\t<\/div>\n\t\t\t\t\t\t\t\t\t\t\t\t\t\t\t\t\t\t\t<div class=\"service-data dont-active-service-data\" id=\"service-2\">\n\t\t\t\t\t\t\t\t\t\t\t<div class=\"service-data-img\">\n\t\t\t\t\t\t\t\t\t\t\t\t<img decoding=\"async\" src=\"https:\/\/www.ak-wien-turk-is.at\/wp-content\/uploads\/2025\/01\/2x-min.jpg\" alt=\"\">\t\t\t\t\t\t\t\t\t\t\t\t<div class=\"service-data-text\">\n\t\t\t\t\t\t\t\t\t\t\t\t\t<h3>\n\t\t\t\t\t\t\t\t\t\t\t\t\t\t<a href=\"https:\/\/www.ak-wien-turk-is.at\/tr\/service\/2-tartismalar-atolye-calismalari-ve-konferanslar\/\">\n\t\t\t\t\t\t\t\t\t\t\t\t\t\t\tTart\u0131\u015fmalar, At\u00f6lye \u00c7al\u0131\u015fmalar\u0131 ve Konferanslar\t\t\t\t\t\t\t\t\t\t\t\t\t\t<\/a>\n\t\t\t\t\t\t\t\t\t\t\t\t\t<\/h3>\n\t\t\t\t\t\t\t\t\t\t\t\t\t<p>Tart\u0131\u015fmalar, at\u00f6lye \u00e7al\u0131\u015fmalar\u0131 ve konferanslar Kapsay\u0131c\u0131 ve adil bir i\u015fg\u00fcc\u00fc piyasas\u0131n\u0131n in\u015fas\u0131, a\u00e7\u0131k diyalog, ortak \u00f6\u011frenme <\/p>\n\t\t\t\t\t\t\t\t\t\t\t\t\t<a href=\"https:\/\/www.ak-wien-turk-is.at\/tr\/service\/2-tartismalar-atolye-calismalari-ve-konferanslar\/\">Devam\u0131n\u0131 oku<\/a>\t\t\t\t\t\t\t\t\t\t\t\t<\/div>\n\t\t\t\t\t\t\t\t\t\t\t<\/div>\n\t\t\t\t\t\t\t\t\t\t<\/div>\n\t\t\t\t\t\t\t\t\t\t\t\t\t\t\t\t\t\t\t<div class=\"service-data dont-active-service-data\" id=\"service-3\">\n\t\t\t\t\t\t\t\t\t\t\t<div class=\"service-data-img\">\n\t\t\t\t\t\t\t\t\t\t\t\t<img decoding=\"async\" src=\"https:\/\/www.ak-wien-turk-is.at\/wp-content\/uploads\/2025\/01\/3x-min.jpg\" alt=\"\">\t\t\t\t\t\t\t\t\t\t\t\t<div class=\"service-data-text\">\n\t\t\t\t\t\t\t\t\t\t\t\t\t<h3>\n\t\t\t\t\t\t\t\t\t\t\t\t\t\t<a href=\"https:\/\/www.ak-wien-turk-is.at\/tr\/service\/3-paydaslarla-isbirligi\/\">\n\t\t\t\t\t\t\t\t\t\t\t\t\t\t\tPayda\u015flarla \u0130\u015fbirli\u011fi\t\t\t\t\t\t\t\t\t\t\t\t\t\t<\/a>\n\t\t\t\t\t\t\t\t\t\t\t\t\t<\/h3>\n\t\t\t\t\t\t\t\t\t\t\t\t\t<p>Payda\u015flarla \u0130\u015fbirli\u011fi S\u00fcrd\u00fcr\u00fclebilir sosyal de\u011fi\u015fim, g\u00fc\u00e7l\u00fc ittifaklar sayesinde ger\u00e7ekle\u015fir. AK Wien Turk-Is, daha adil \u00e7al\u0131\u015fma ve <\/p>\n\t\t\t\t\t\t\t\t\t\t\t\t\t<a href=\"https:\/\/www.ak-wien-turk-is.at\/tr\/service\/3-paydaslarla-isbirligi\/\">Devam\u0131n\u0131 oku<\/a>\t\t\t\t\t\t\t\t\t\t\t\t<\/div>\n\t\t\t\t\t\t\t\t\t\t\t<\/div>\n\t\t\t\t\t\t\t\t\t\t<\/div>\n\t\t\t\t\t\t\t\t\t\t\t\t\t\t\t\t\t\t\t<div class=\"service-data dont-active-service-data\" id=\"service-4\">\n\t\t\t\t\t\t\t\t\t\t\t<div class=\"service-data-img\">\n\t\t\t\t\t\t\t\t\t\t\t\t<img decoding=\"async\" src=\"https:\/\/www.ak-wien-turk-is.at\/wp-content\/uploads\/2025\/01\/4x-min.jpg\" alt=\"\">\t\t\t\t\t\t\t\t\t\t\t\t<div class=\"service-data-text\">\n\t\t\t\t\t\t\t\t\t\t\t\t\t<h3>\n\t\t\t\t\t\t\t\t\t\t\t\t\t\t<a href=\"https:\/\/www.ak-wien-turk-is.at\/tr\/service\/4-egitim-ve-mesleki-gelisim\/\">\n\t\t\t\t\t\t\t\t\t\t\t\t\t\t\tE\u011fitim ve Mesleki Geli\u015fim\t\t\t\t\t\t\t\t\t\t\t\t\t\t<\/a>\n\t\t\t\t\t\t\t\t\t\t\t\t\t<\/h3>\n\t\t\t\t\t\t\t\t\t\t\t\t\t<p>E\u011fitim ve Mesleki Geli\u015fim E\u011fitim, kendi kaderini tayin etme, entegrasyon ve mesleki geli\u015fimin anahtar\u0131d\u0131r. AK Wien <\/p>\n\t\t\t\t\t\t\t\t\t\t\t\t\t<a href=\"https:\/\/www.ak-wien-turk-is.at\/tr\/service\/4-egitim-ve-mesleki-gelisim\/\">Devam\u0131n\u0131 oku<\/a>\t\t\t\t\t\t\t\t\t\t\t\t<\/div>\n\t\t\t\t\t\t\t\t\t\t\t<\/div>\n\t\t\t\t\t\t\t\t\t\t<\/div>\n\t\t\t\t\t\t\t\t\t\t\t\t\t\t\t\t\t\t\t<div class=\"service-data dont-active-service-data\" id=\"service-5\">\n\t\t\t\t\t\t\t\t\t\t\t<div class=\"service-data-img\">\n\t\t\t\t\t\t\t\t\t\t\t\t<img decoding=\"async\" src=\"https:\/\/www.ak-wien-turk-is.at\/wp-content\/uploads\/2025\/01\/5x-min.jpg\" alt=\"\">\t\t\t\t\t\t\t\t\t\t\t\t<div class=\"service-data-text\">\n\t\t\t\t\t\t\t\t\t\t\t\t\t<h3>\n\t\t\t\t\t\t\t\t\t\t\t\t\t\t<a href=\"https:\/\/www.ak-wien-turk-is.at\/tr\/service\/5-destek-ve-danismanlik-hizmetleri\/\">\n\t\t\t\t\t\t\t\t\t\t\t\t\t\t\tDestek ve Dan\u0131\u015fmanl\u0131k Hizmetleri\t\t\t\t\t\t\t\t\t\t\t\t\t\t<\/a>\n\t\t\t\t\t\t\t\t\t\t\t\t\t<\/h3>\n\t\t\t\t\t\t\t\t\t\t\t\t\t<p>Destek ve Dan\u0131\u015fmanl\u0131k Hizmetleri B\u00fct\u00fcnc\u00fcl dan\u0131\u015fmanl\u0131k, \u00e7al\u0131\u015fmalar\u0131m\u0131z\u0131n temel bir par\u00e7as\u0131d\u0131r. AK Wien Turk-Is olarak, deste\u011fi sadece <\/p>\n\t\t\t\t\t\t\t\t\t\t\t\t\t<a href=\"https:\/\/www.ak-wien-turk-is.at\/tr\/service\/5-destek-ve-danismanlik-hizmetleri\/\">Devam\u0131n\u0131 oku<\/a>\t\t\t\t\t\t\t\t\t\t\t\t<\/div>\n\t\t\t\t\t\t\t\t\t\t\t<\/div>\n\t\t\t\t\t\t\t\t\t\t<\/div>\n\t\t\t\t\t\t\t\t\t\t\t\t\t\t\t\t\t\t\t<div class=\"service-data dont-active-service-data\" id=\"service-6\">\n\t\t\t\t\t\t\t\t\t\t\t<div class=\"service-data-img\">\n\t\t\t\t\t\t\t\t\t\t\t\t<img decoding=\"async\" src=\"https:\/\/www.ak-wien-turk-is.at\/wp-content\/uploads\/2025\/01\/6x-min.jpg\" alt=\"\">\t\t\t\t\t\t\t\t\t\t\t\t<div class=\"service-data-text\">\n\t\t\t\t\t\t\t\t\t\t\t\t\t<h3>\n\t\t\t\t\t\t\t\t\t\t\t\t\t\t<a href=\"https:\/\/www.ak-wien-turk-is.at\/tr\/service\/6-arabuluculuk-hizmetleri\/\">\n\t\t\t\t\t\t\t\t\t\t\t\t\t\t\tArabuluculuk Hizmetleri\t\t\t\t\t\t\t\t\t\t\t\t\t\t<\/a>\n\t\t\t\t\t\t\t\t\t\t\t\t\t<\/h3>\n\t\t\t\t\t\t\t\t\t\t\t\t\t<p>Arabuluculuk Hizmetleri \u0130\u015fyerindeki \u00e7at\u0131\u015fmalar karma\u015f\u0131kt\u0131r ve sadece bireyler i\u00e7in de\u011fil, t\u00fcm ekipler ve kurulu\u015flar i\u00e7in de <\/p>\n\t\t\t\t\t\t\t\t\t\t\t\t\t<a href=\"https:\/\/www.ak-wien-turk-is.at\/tr\/service\/6-arabuluculuk-hizmetleri\/\">Devam\u0131n\u0131 oku<\/a>\t\t\t\t\t\t\t\t\t\t\t\t<\/div>\n\t\t\t\t\t\t\t\t\t\t\t<\/div>\n\t\t\t\t\t\t\t\t\t\t<\/div>\n\t\t\t\t\t\t\t\t\t<\/div><\/div>\t\t\t\t\t\t\t\t<\/div>\n\t\t\t\t\t\t\t<\/div>\n\t\t\t\t\t<\/div>\n\t\t\t\t\t\t<\/div>\n\t\t\t\t<\/div>\n\t\t\t\t\t<\/div>\n\t\t<\/div>\n\t\t\t\t\t<\/div>\n\t\t<\/section>\n\t\t<div class=\"elementor-element elementor-element-5a9670f e-flex e-con-boxed e-con e-parent\" data-id=\"5a9670f\" data-element_type=\"container\" data-e-type=\"container\">\n\t\t\t\t\t<div class=\"e-con-inner\">\n\t\t<div class=\"elementor-element elementor-element-2d70d24 e-con-full e-flex e-con e-child\" data-id=\"2d70d24\" data-element_type=\"container\" data-e-type=\"container\">\n\t\t\t\t<div class=\"elementor-element elementor-element-e26e0a3 elementor-widget elementor-widget-heading\" data-id=\"e26e0a3\" data-element_type=\"widget\" data-e-type=\"widget\" data-widget_type=\"heading.default\">\n\t\t\t\t<div class=\"elementor-widget-container\">\n\t\t\t\t\t<h1 class=\"elementor-heading-title elementor-size-default\">\u00d6d\u00fcller<\/h1>\t\t\t\t<\/div>\n\t\t\t\t<\/div>\n\t\t\t\t<\/div>\n\t\t<div class=\"elementor-element elementor-element-489ae07 e-con-full e-flex e-con e-child\" data-id=\"489ae07\" data-element_type=\"container\" data-e-type=\"container\">\n\t\t\t\t<div class=\"elementor-element elementor-element-f6012f0 elementor-widget elementor-widget-text-editor\" data-id=\"f6012f0\" data-element_type=\"widget\" data-e-type=\"widget\" data-widget_type=\"text-editor.default\">\n\t\t\t\t<div class=\"elementor-widget-container\">\n\t\t\t\t\t\t\t\t\tEntegrasyon ve toplumsal i\u015fbirli\u011fine y\u00f6nelik \u00e7abalar\u0131m\u0131z bir\u00e7ok kez takdir g\u00f6rd\u00fc:\n\n<strong>2013 Veronika Kad\u0131n \u00d6d\u00fcl\u00fc: <\/strong>Melek K\u00f6se, Mart 2013\u2019te Uluslararas\u0131 Kad\u0131nlar G\u00fcn\u00fc kutlamalar\u0131 s\u0131ras\u0131nda \u201cVeronika\u201d Kad\u0131n \u00d6d\u00fcl\u00fc\u2019ne lay\u0131k g\u00f6r\u00fcld\u00fc.\n\n<img fetchpriority=\"high\" decoding=\"async\" class=\"aligncenter wp-image-1367\" style=\"margin-top: 10px; margin-bottom: 10px;\" src=\"https:\/\/www.ak-wien-turk-is.at\/wp-content\/uploads\/2025\/01\/1702152804575.jpeg\" alt=\"\" width=\"527\" height=\"296\" \/>\n\n<strong>2012 Spor Entegrasyon \u00d6d\u00fcl\u00fc:<\/strong> \u201cScheiberlkistn \u2013 Minifu\u00dfballplatz\u201d projemiz, Kas\u0131m 2012&#8217;de spor alan\u0131nda Entegrasyon \u00d6d\u00fcl\u00fc&#8217;n\u00fc ald\u0131. Bu proje, kad\u0131n futbolu arac\u0131l\u0131\u011f\u0131yla entegrasyonu destekledi ve k\u0131zlar\u0131 kat\u0131l\u0131m i\u00e7in cesaretlendirdi.\n\n<img decoding=\"async\" class=\"aligncenter size-full wp-image-1373\" style=\"margin-top: 10px; margin-bottom: 10px;\" src=\"https:\/\/www.ak-wien-turk-is.at\/wp-content\/uploads\/2025\/01\/Resim4.jpg\" alt=\"\" width=\"527\" height=\"296\" srcset=\"https:\/\/www.ak-wien-turk-is.at\/wp-content\/uploads\/2025\/01\/Resim4.jpg 527w, https:\/\/www.ak-wien-turk-is.at\/wp-content\/uploads\/2025\/01\/Resim4-300x169.jpg 300w, https:\/\/www.ak-wien-turk-is.at\/wp-content\/uploads\/2025\/01\/Resim4-150x84.jpg 150w\" sizes=\"(max-width: 527px) 100vw, 527px\" \/>\n\nBu faaliyetler ve takdirler sayesinde AK Wien T\u00fcrk-\u0130\u015f, entegre ve adil bir toplum i\u00e7in \u00e7al\u0131\u015fmaya devam etmektedir.\t\t\t\t\t\t\t\t<\/div>\n\t\t\t\t<\/div>\n\t\t\t\t<\/div>\n\t\t\t\t\t<\/div>\n\t\t\t\t<\/div>\n\t\t\t\t<section class=\"elementor-section elementor-top-section elementor-element elementor-element-b8a712b elementor-section-full_width elementor-section-height-default elementor-section-height-default\" data-id=\"b8a712b\" data-element_type=\"section\" data-e-type=\"section\">\n\t\t\t\t\t\t<div class=\"elementor-container elementor-column-gap-no\">\n\t\t\t\t\t<div class=\"elementor-column elementor-col-100 elementor-top-column elementor-element elementor-element-02598c2\" data-id=\"02598c2\" data-element_type=\"column\" data-e-type=\"column\">\n\t\t\t<div class=\"elementor-widget-wrap elementor-element-populated\">\n\t\t\t\t\t\t<div class=\"elementor-element elementor-element-a59f56d elementor-widget elementor-widget-image\" data-id=\"a59f56d\" data-element_type=\"widget\" data-e-type=\"widget\" data-widget_type=\"image.default\">\n\t\t\t\t<div class=\"elementor-widget-container\">\n\t\t\t\t\t\t\t\t\t\t\t\t\t\t\t<img decoding=\"async\" width=\"768\" height=\"576\" src=\"https:\/\/www.ak-wien-turk-is.at\/wp-content\/uploads\/2025\/01\/Colorful-3-Bullet-Point-Step-Process-Infographic-Graph-768x576.png\" class=\"attachment-medium_large size-medium_large wp-image-1369\" alt=\"\" srcset=\"https:\/\/www.ak-wien-turk-is.at\/wp-content\/uploads\/2025\/01\/Colorful-3-Bullet-Point-Step-Process-Infographic-Graph-768x576.png 768w, https:\/\/www.ak-wien-turk-is.at\/wp-content\/uploads\/2025\/01\/Colorful-3-Bullet-Point-Step-Process-Infographic-Graph-300x225.png 300w, https:\/\/www.ak-wien-turk-is.at\/wp-content\/uploads\/2025\/01\/Colorful-3-Bullet-Point-Step-Process-Infographic-Graph-600x450.png 600w, https:\/\/www.ak-wien-turk-is.at\/wp-content\/uploads\/2025\/01\/Colorful-3-Bullet-Point-Step-Process-Infographic-Graph-150x113.png 150w, https:\/\/www.ak-wien-turk-is.at\/wp-content\/uploads\/2025\/01\/Colorful-3-Bullet-Point-Step-Process-Infographic-Graph.png 1024w\" sizes=\"(max-width: 768px) 100vw, 768px\" \/>\t\t\t\t\t\t\t\t\t\t\t\t\t\t\t<\/div>\n\t\t\t\t<\/div>\n\t\t\t\t<div class=\"elementor-element elementor-element-94c2465 elementor-widget elementor-widget-wpo-canun_feature\" data-id=\"94c2465\" data-element_type=\"widget\" data-e-type=\"widget\" data-widget_type=\"wpo-canun_feature.default\">\n\t\t\t\t<div class=\"elementor-widget-container\">\n\t\t\t\t\t\t\t<div class=\"wpo-features-section-s2\">\n\t\t\t<div class=\"container\">\n\t\t\t\t<div class=\"wpo-features-wrapper\">\n\t\t\t\t\t<div class=\"row\">\n\t\t\t\t\t\t\t\t\t\t\t\t\t\t<div class=\"col-lg-4 col-md-6 col-12\">\n\t\t\t\t\t\t\t\t\t<div class=\"wpo-features-item\">\n\t\t\t\t\t\t\t\t\t\t<div class=\"wpo-features-icon\">\n\t\t\t\t\t\t\t\t\t\t\t<div class=\"icon\">\n\t\t\t\t\t\t\t\t\t\t\t\t<i class=\"fi flaticon-badge\"><\/i>\t\t\t\t\t\t\t\t\t\t\t<\/div>\n\t\t\t\t\t\t\t\t\t\t<\/div>\n\t\t\t\t\t\t\t\t\t\t<div class=\"wpo-features-text\">\n\t\t\t\t\t\t\t\t\t\t\t<h2><a href=\"http:\/\/www.betriebsraete.at\/\" class=\"more\">\u0130\u015f\u00e7i Konseyi<\/a><\/h2><p>\u0130\u015fyerinde \u00e7\u0131karlar\u0131n\u0131 savunur.\nSana destek olur, dan\u0131\u015fmanl\u0131k sa\u011flar ve i\u015fyeri s\u00f6zle\u015fmeleri imzalar.\n\u0130\u015f\u00e7ilerin taleplerini haz\u0131rlar ve i\u015f hukukuna uyulup uyulmad\u0131\u011f\u0131n\u0131 denetler.\n\u0130\u015fyeri toplant\u0131lar\u0131, g\u00f6steriler ve grevler gibi eylemler i\u00e7in harekete ge\u00e7irir.<\/p>\t\t\t\t\t\t\t\t\t\t<\/div>\n\t\t\t\t\t\t\t\t\t\t<div class=\"visible-icon\">\n\t\t\t\t\t\t\t\t\t\t\t<i class=\"fi flaticon-badge\"><\/i>\t\t\t\t\t\t\t\t\t\t<\/div>\n\t\t\t\t\t\t\t\t\t<\/div>\n\t\t\t\t\t\t\t\t<\/div>\n\t\t\t\t\t\t\t\t\t\t\t\t\t\t<div class=\"col-lg-4 col-md-6 col-12\">\n\t\t\t\t\t\t\t\t\t<div class=\"wpo-features-item\">\n\t\t\t\t\t\t\t\t\t\t<div class=\"wpo-features-icon\">\n\t\t\t\t\t\t\t\t\t\t\t<div class=\"icon\">\n\t\t\t\t\t\t\t\t\t\t\t\t<i class=\"fi flaticon-diary\"><\/i>\t\t\t\t\t\t\t\t\t\t\t<\/div>\n\t\t\t\t\t\t\t\t\t\t<\/div>\n\t\t\t\t\t\t\t\t\t\t<div class=\"wpo-features-text\">\n\t\t\t\t\t\t\t\t\t\t\t<h2><a href=\"http:\/\/www.oegb.at\/\" class=\"more\">Sendikalar <\/a><\/h2><p>Sekt\u00f6r\u00fcndeki \u00e7\u0131karlar\u0131n\u0131 savunur.\nHukuki konularda sana dan\u0131\u015fmanl\u0131k yapar ve mahkemede sana destek olur.\n\u0130\u015f\u00e7i temsilcileriyle birlikte toplu s\u00f6zle\u015fmeleri m\u00fczakere eder.\nToplant\u0131lar, g\u00f6steriler ve grevler gibi eylemler d\u00fczenler.<\/p>\t\t\t\t\t\t\t\t\t\t<\/div>\n\t\t\t\t\t\t\t\t\t\t<div class=\"visible-icon\">\n\t\t\t\t\t\t\t\t\t\t\t<i class=\"fi flaticon-diary\"><\/i>\t\t\t\t\t\t\t\t\t\t<\/div>\n\t\t\t\t\t\t\t\t\t<\/div>\n\t\t\t\t\t\t\t\t<\/div>\n\t\t\t\t\t\t\t\t\t\t\t\t\t\t<div class=\"col-lg-4 col-md-6 col-12\">\n\t\t\t\t\t\t\t\t\t<div class=\"wpo-features-item\">\n\t\t\t\t\t\t\t\t\t\t<div class=\"wpo-features-icon\">\n\t\t\t\t\t\t\t\t\t\t\t<div class=\"icon\">\n\t\t\t\t\t\t\t\t\t\t\t\t<i class=\"fi flaticon-support\"><\/i>\t\t\t\t\t\t\t\t\t\t\t<\/div>\n\t\t\t\t\t\t\t\t\t\t<\/div>\n\t\t\t\t\t\t\t\t\t\t<div class=\"wpo-features-text\">\n\t\t\t\t\t\t\t\t\t\t\t<h2><a href=\"http:\/\/www.arbeiterkammer.at\/\" class=\"more\">\u0130\u015f\u00e7i Odas\u0131 <\/a><\/h2><p>Devlet ve siyaset nezdinde seni temsil eder.\nHukuki, sosyal ve ekonomik konularda destek sa\u011flar.\nMesleki geli\u015fimi te\u015fvik eder ve adil \u00e7al\u0131\u015fma ko\u015fullar\u0131n\u0131 sa\u011flar.\n<\/p>\t\t\t\t\t\t\t\t\t\t<\/div>\n\t\t\t\t\t\t\t\t\t\t<div class=\"visible-icon\">\n\t\t\t\t\t\t\t\t\t\t\t<i class=\"fi flaticon-support\"><\/i>\t\t\t\t\t\t\t\t\t\t<\/div>\n\t\t\t\t\t\t\t\t\t<\/div>\n\t\t\t\t\t\t\t\t<\/div>\n\t\t\t\t\t\t\t\t\t\t\t<\/div>\n\t\t\t\t<\/div>\n\t\t\t<\/div>\n\t\t<\/div>\n\t\t\t\t<\/div>\n\t\t\t\t<\/div>\n\t\t\t\t\t<\/div>\n\t\t<\/div>\n\t\t\t\t\t<\/div>\n\t\t<\/section>\n\t\t\t\t<\/div>\n\t\t","protected":false},"excerpt":{"rendered":"Etkinlikler AK Wien T\u00fcrk-\u0130\u015f olarak, \u00e7al\u0131\u015fanlar\u0131 g\u00fc\u00e7lendirmeyi ve daha kapsay\u0131c\u0131 bir toplum olu\u015fturmay\u0131 hedefliyoruz. Faaliyetlerimiz, \u00e7al\u0131\u015fanlar\u0131n haklar\u0131n\u0131 savunmay\u0131, e\u015fitli\u011fi te\u015fvik etmeyi ve t\u00fcm \u00fcyeler aras\u0131nda bir aidiyet duygusu olu\u015fturmay\u0131 ama\u00e7lamaktad\u0131r. A\u015fa\u011f\u0131da, fark yaratt\u0131\u011f\u0131m\u0131z temel alanlara ili\u015fkin bir \u00f6zet bulabilirsiniz: Kampagnen und Aufkl\u00e4rungsprogramme 01 Diskussionen, Workshops und Konferenzen 02 Zusammenarbeit mit Stakeholdern 03 Bildung und Weiterbildung ","protected":false},"author":1,"featured_media":0,"parent":0,"menu_order":0,"comment_status":"closed","ping_status":"closed","template":"elementor_header_footer","meta":{"footnotes":""},"class_list":["post-1691","page","type-page","status-publish","hentry"],"_links":{"self":[{"href":"https:\/\/www.ak-wien-turk-is.at\/tr\/wp-json\/wp\/v2\/pages\/1691","targetHints":{"allow":["GET"]}}],"collection":[{"href":"https:\/\/www.ak-wien-turk-is.at\/tr\/wp-json\/wp\/v2\/pages"}],"about":[{"href":"https:\/\/www.ak-wien-turk-is.at\/tr\/wp-json\/wp\/v2\/types\/page"}],"author":[{"embeddable":true,"href":"https:\/\/www.ak-wien-turk-is.at\/tr\/wp-json\/wp\/v2\/users\/1"}],"replies":[{"embeddable":true,"href":"https:\/\/www.ak-wien-turk-is.at\/tr\/wp-json\/wp\/v2\/comments?post=1691"}],"version-history":[{"count":4,"href":"https:\/\/www.ak-wien-turk-is.at\/tr\/wp-json\/wp\/v2\/pages\/1691\/revisions"}],"predecessor-version":[{"id":1695,"href":"https:\/\/www.ak-wien-turk-is.at\/tr\/wp-json\/wp\/v2\/pages\/1691\/revisions\/1695"}],"wp:attachment":[{"href":"https:\/\/www.ak-wien-turk-is.at\/tr\/wp-json\/wp\/v2\/media?parent=1691"}],"curies":[{"name":"wp","href":"https:\/\/api.w.org\/{rel}","templated":true}]}}