{"id":1682,"date":"2021-08-29T02:58:12","date_gmt":"2021-08-29T00:58:12","guid":{"rendered":"https:\/\/www.ak-wien-turk-is.at\/uber-uns\/"},"modified":"2026-04-08T21:37:19","modified_gmt":"2026-04-08T19:37:19","slug":"hakkimizda","status":"publish","type":"page","link":"https:\/\/www.ak-wien-turk-is.at\/tr\/hakkimizda\/","title":{"rendered":"Hakk\u0131m\u0131zda"},"content":{"rendered":"\t\t<div data-elementor-type=\"wp-page\" data-elementor-id=\"1682\" class=\"elementor elementor-1682\">\n\t\t\t\t\t\t<section class=\"elementor-section elementor-top-section elementor-element elementor-element-6a5e24d elementor-section-full_width elementor-section-height-default elementor-section-height-default\" data-id=\"6a5e24d\" data-element_type=\"section\" data-e-type=\"section\" data-settings=\"{&quot;background_background&quot;:&quot;classic&quot;}\">\n\t\t\t\t\t\t<div class=\"elementor-container elementor-column-gap-no\">\n\t\t\t\t\t<div class=\"elementor-column elementor-col-100 elementor-top-column elementor-element elementor-element-7a5c5f1\" data-id=\"7a5c5f1\" data-element_type=\"column\" data-e-type=\"column\">\n\t\t\t<div class=\"elementor-widget-wrap elementor-element-populated\">\n\t\t\t\t\t\t<div class=\"elementor-element elementor-element-d1ac998 elementor-widget elementor-widget-wpo-canun_about\" data-id=\"d1ac998\" data-element_type=\"widget\" data-e-type=\"widget\" data-settings=\"{&quot;signeture_image&quot;:{&quot;url&quot;:&quot;&quot;,&quot;id&quot;:&quot;&quot;,&quot;size&quot;:&quot;&quot;,&quot;alt&quot;:&quot;&quot;,&quot;source&quot;:&quot;library&quot;},&quot;about_image&quot;:{&quot;url&quot;:&quot;https:\\\/\\\/www.ak-wien-turk-is.at\\\/wp-content\\\/uploads\\\/2025\\\/01\\\/aboutus-image.jpg&quot;,&quot;id&quot;:1240,&quot;size&quot;:&quot;&quot;,&quot;alt&quot;:&quot;&quot;,&quot;source&quot;:&quot;library&quot;}}\" data-widget_type=\"wpo-canun_about.default\">\n\t\t\t\t<div class=\"elementor-widget-container\">\n\t\t\t\t\t\n\t\t\t\t\t<div class=\"wpo-about-section\">\n\t\t\t\t<div class=\"container\">\n\t\t\t\t\t<div class=\"wpo-about-section-wrapper\">\n\t\t\t\t\t\t<div class=\"row align-items-center\">\n\t\t\t\t\t\t\t<div class=\"col-lg-5 col-md-12 col-12\">\n\t\t\t\t\t\t\t\t<div class=\"wpo-about-img\">\n\t\t\t\t\t\t\t\t\t<img decoding=\"async\" class=\"img-responlsive\" src=\"https:\/\/www.ak-wien-turk-is.at\/wp-content\/uploads\/2025\/01\/aboutus-image.jpg\" alt=\"\">\t\t\t\t\t\t\t\t<\/div>\n\t\t\t\t\t\t\t<\/div>\n\t\t\t\t\t\t\t<div class=\"col-lg-7 col-md-12 col-12\">\n\t\t\t\t\t\t\t\t<div class=\"wpo-about-content\">\n\t\t\t\t\t\t\t\t\t<div class=\"wpo-section-title\">\n\t\t\t\t\t\t\t\t\t\t<h2>Miras\u0131m\u0131z<\/h2>\t\t\t\t\t\t\t\t\t<\/div>\n\t\t\t\t\t\t\t\t\t<div class=\"wpo-about-content-inner\">\n\t\t\t\t\t\t\t\t\t\t60 y\u0131l\u0131 a\u015fk\u0131n bir s\u00fcredir T\u00fcrk i\u015f\u00e7iler, Avusturya toplumu ve ekonomisinin vazge\u00e7ilmez bir par\u00e7as\u0131d\u0131r. \u0130lk g\u00f6\u00e7 dalgalar\u0131ndan itibaren sadece i\u015f d\u00fcnyas\u0131na katk\u0131 sa\u011flamakla kalmam\u0131\u015f, ayn\u0131 zamanda Avusturya k\u00fclt\u00fcr\u00fcn\u00fcn ve sosyal dokusunun \u015fekillenmesinde de merkezi bir rol oynam\u0131\u015flard\u0131r. Kararl\u0131l\u0131klar\u0131, \u00e7al\u0131\u015fkanl\u0131klar\u0131 ve dayan\u0131kl\u0131l\u0131klar\u0131, gelecek nesillerin ba\u015far\u0131s\u0131n\u0131n temelini olu\u015fturmu\u015ftur.<\/br><\/br>\n\nAK Wien T\u00fcrk-\u0130\u015f, t\u00fcm \u00e7al\u0131\u015fanlar\u0131n, \u00f6zellikle de g\u00f6\u00e7men k\u00f6kenli olanlar\u0131n hak ve \u00e7\u0131karlar\u0131n\u0131 savunarak bu katk\u0131lar\u0131 takdir etmektedir. Amac\u0131m\u0131z, k\u00fclt\u00fcrel, ekonomik veya sosyal nitelikteki engelleri ortadan kald\u0131rmak ve i\u015fg\u00fcc\u00fc piyasas\u0131 politikas\u0131n\u0131n \u015fekillendirilmesinde herkesin s\u00f6z sahibi olmas\u0131n\u0131 sa\u011flamakt\u0131r.<\/br><\/br>\n\nB\u00fcy\u00fck ilerlemelere ra\u011fmen, i\u015fyerinde ayr\u0131mc\u0131l\u0131k, f\u0131rsat e\u015fitsizli\u011fi ve kaliteli e\u011fitim ve sa\u011fl\u0131k hizmetlerine eri\u015fim gibi zorluklar h\u00e2l\u00e2 devam etmektedir. Biz, sistemik de\u011fi\u015fiklikler i\u00e7in aktif olarak m\u00fccadele ediyor ve \u00e7al\u0131\u015fanlar\u0131n sesini g\u00fc\u00e7lendiriyoruz. T\u00fcrk \u00e7al\u0131\u015fanlar\u0131n miras\u0131n\u0131 kutlayarak ve g\u00fcncel sorunlar\u0131n\u0131 ele alarak, Avusturya'da daha adil ve daha \u00e7e\u015fitli bir toplumun yolunu a\u00e7\u0131yoruz.\t\t\t\t\t\t\t\t\t\t<div class=\"signeture\">\n\t\t\t\t\t\t\t\t\t\t\t\t\t\t\t\t\t\t\t\t\t\t<span>\n\t\t\t\t\t\t\t\t\t\t\t\t\t\t\t\t\t\t\t\t\t\t\t<\/span>\n\t\t\t\t\t\t\t\t\t\t<\/div>\n\t\t\t\t\t\t\t\t\t<\/div>\n\t\t\t\t\t\t\t\t<\/div>\n\t\t\t\t\t\t\t<\/div>\n\t\t\t\t\t\t<\/div>\n\t\t\t\t\t<\/div>\n\t\t\t\t<\/div>\n\t\t\t<\/div>\n\t\t\t\t<\/div>\n\t\t\t\t<\/div>\n\t\t\t\t\t<\/div>\n\t\t<\/div>\n\t\t\t\t\t<\/div>\n\t\t<\/section>\n\t\t<div class=\"elementor-element elementor-element-d8bfc46 e-flex e-con-boxed e-con e-parent\" data-id=\"d8bfc46\" data-element_type=\"container\" data-e-type=\"container\">\n\t\t\t\t\t<div class=\"e-con-inner\">\n\t\t\t\t<div class=\"elementor-element elementor-element-e512dd9 elementor-widget elementor-widget-wpo-canun_accordion\" data-id=\"e512dd9\" data-element_type=\"widget\" data-e-type=\"widget\" data-widget_type=\"wpo-canun_accordion.default\">\n\t\t\t\t<div class=\"elementor-widget-container\">\n\t\t\t\t\t\t\t<div class=\"theme-accordion\">\n\t\t\t<div class=\"accordion\" id=\"accordionExample\">\n\t\t\t\t\t\t\t\t\t\t<div class=\"accordion-item\">\n\t\t\t\t\t\t\t<h3 class=\"accordion-header\" id=\"heading2\">\n\t            <button class=\"accordion-button\" type=\"button\" data-bs-toggle=\"collapse\" data-bs-target=\"#collapse2\" aria-expanded=\"true\" aria-controls=\"collapse2\">\n\t              Ba\u015fl\u0131ca Alanlar\u0131m\u0131z\n\t            <\/button>\n\t        \t<\/h3>\t\t\t\t\t\t\t\t<div id=\"collapse2\" class=\"accordion-collapse collapse show\" aria-labelledby=\"heading2\" data-bs-parent=\"#accordionExample\">\n\t\t\t\t\t\t\t\t\t<div class=\"accordion-body\">\n\t\t\t\t\t\t\t\t\t\t<strong> Temsil ve \u00e7\u0131kar savunuculu\u011fu:<\/strong>\n<ul>\n     <li>Viyana T\u00fcrk-\u0130\u015f \u0130\u015f\u00e7i Odas\u0131, yasa tasar\u0131lar\u0131n\u0131n incelenmesine, siyasi karar alma s\u00fcre\u00e7lerine ve h\u00fck\u00fcmet giri\u015fimlerine aktif olarak kat\u0131lmaktad\u0131r. Sendikalar ve sivil toplum kurulu\u015flar\u0131yla kurdu\u011fu ortakl\u0131klar sayesinde, kapsay\u0131c\u0131 ve adil i\u015fg\u00fcc\u00fc piyasas\u0131 politikalar\u0131n\u0131n \u015fekillendirilmesine katk\u0131da bulunmaktad\u0131r.<\/li>\n \t<li>\u0130\u015f\u00e7i Odas\u0131'n\u0131n komitelerine ve toplant\u0131lar\u0131na kat\u0131larak, t\u00fcm \u00e7al\u0131\u015fanlar\u0131n, \u00f6zellikle de g\u00f6\u00e7menlerin kar\u015f\u0131la\u015ft\u0131\u011f\u0131 zorluklar\u0131n ve \u00e7abalar\u0131n\u0131n karar alma s\u00fcre\u00e7lerine dahil edilmesini sa\u011fl\u0131yoruz.<\/li>\n<\/ul>\n<strong>G\u00f6\u00e7menlerin G\u00fc\u00e7lendirilmesi:<\/strong>\n<ul>\n \t<li>Avusturya'da 60 y\u0131l\u0131 a\u015fk\u0131n bir g\u00f6\u00e7 ge\u00e7mi\u015fi ile T\u00fcrk k\u00f6kenli bir\u00e7ok i\u015f\u00e7i, Avusturya toplumuna ba\u015far\u0131yla entegre olmu\u015ftur. AK Wien T\u00fcrk-\u0130\u015f, siyasi, sosyal ve ekonomik alanlarda e\u015fit haklara sahip kat\u0131l\u0131mlar\u0131 i\u00e7in m\u00fccadele ederek bu miras\u0131 s\u00fcrd\u00fcrmektedir.<\/li>\n \t<li>\u0130\u015f yerinde ayr\u0131mc\u0131l\u0131k, \u00fccret e\u015fitsizli\u011fi ve kariyer f\u0131rsatlar\u0131na eri\u015fim gibi kritik konular\u0131 ele al\u0131yoruz.<\/li>\n<\/ul>\n<strong> Sosyal entegrasyonun desteklenmesi:<\/strong>\n<ul>\n     <li>AK Wien T\u00fcrk-\u0130\u015f, bireylerin ve ailelerin entegrasyonunu destekleyen giri\u015fimler geli\u015ftirip uygulayarak, onlar\u0131n Avusturya toplumuna aktif ve anlaml\u0131 bir \u015fekilde katk\u0131da bulunabilmelerini sa\u011fl\u0131yor.<\/li>\n \t<li>Hedef odakl\u0131 kampanyalar, at\u00f6lye \u00e7al\u0131\u015fmalar\u0131 ve topluluk projeleriyle engelleri ortadan kald\u0131r\u0131yor, anlay\u0131\u015f yarat\u0131yor ve k\u00fclt\u00fcrel \u00e7e\u015fitlili\u011fi kutluyoruz.<\/li>\n<\/ul>\n<strong> E\u015fitlik ve Kapsay\u0131c\u0131l\u0131\u011f\u0131n Te\u015fvik Edilmesi:<\/strong>\n<ul>\n     <li>\u00d6rg\u00fct, cinsiyet e\u015fitli\u011fi, adil \u00fccretler ve kaliteli e\u011fitim ile sa\u011fl\u0131k hizmetlerine eri\u015fim i\u00e7in m\u00fccadele etmektedir. Bu taahh\u00fct, kurumsal engellerin azalt\u0131lmas\u0131 ve i\u015fyerinde \u00e7e\u015fitlili\u011fin te\u015fvik edilmesini de kapsamaktad\u0131r.<\/li>\n     <li>AK Wien T\u00fcrk-\u0130\u015f, \u00e7\u0131raklar, yar\u0131 zamanl\u0131 \u00e7al\u0131\u015fanlar ve ebeveyn izninde olan \u00e7al\u0131\u015fanlar dahil olmak \u00fczere, t\u00fcm nitelik d\u00fczeylerindeki \u00e7al\u0131\u015fanlar\u0131 destekleyen kapsay\u0131c\u0131 i\u015fg\u00fcc\u00fc piyasas\u0131 politikalar\u0131n\u0131 desteklemektedir.<\/li>\n<\/ul>\n<strong> Ekonomik ve sosyal destek:<\/strong>\n<ul>\n \t<li>\u00dcyelerinin refah\u0131n\u0131 sa\u011flamak i\u00e7in AK Wien T\u00fcrk-\u0130\u015f, i\u015f haklar\u0131, i\u015fyeri sorunlar\u0131 ve psikolojik zorluklar konusunda dan\u0131\u015fmanl\u0131k hizmetleri sunmaktad\u0131r.<\/li>\n     <li>\u00c7al\u0131\u015fanlar\u0131 g\u00fc\u00e7lendirmek ve rekabet\u00e7i bir i\u015f piyasas\u0131nda ba\u015far\u0131l\u0131 olmalar\u0131n\u0131 sa\u011flamak i\u00e7in mesleki geli\u015fim programlar\u0131na ve kaynaklara eri\u015fimi kolayla\u015ft\u0131r\u0131yoruz.<\/li>\n<\/ul>\n\t\t\t\t\t\t\t\t\t<\/div>\n\t\t\t\t\t\t\t\t<\/div>\n\t\t\t\t\t\t\t\t\t\t\t\t\t<\/div>\n\t\t\t\t\t\t\t\t\t\t<div class=\"accordion-item\">\n\t\t\t\t\t\t\t<h3 class=\"accordion-header\" id=\"heading3\">\n\t            <button class=\"accordion-button\" type=\"button\" data-bs-toggle=\"collapse\" data-bs-target=\"#collapse3\" aria-expanded=\"true\" aria-controls=\"collapse3\">\n\t              Neden AK Wien T\u00fcrk-\u0130\u015f?\n\t            <\/button>\n\t        \t<\/h3>\t\t\t\t\t\t\t\t<div id=\"collapse3\" class=\"accordion-collapse collapse \" aria-labelledby=\"heading3\" data-bs-parent=\"#accordionExample\">\n\t\t\t\t\t\t\t\t\t<div class=\"accordion-body\">\n\t\t\t\t\t\t\t\t\t\tS\u00fcrd\u00fcr\u00fclebilir de\u011fi\u015fimin ancak aktif kat\u0131l\u0131m ve temsili temsil yoluyla sa\u011flanabilece\u011fini biliyoruz. \u0130ster m\u00fczakerelerde, ister yasama tart\u0131\u015fmalar\u0131nda, ister sistemik reformlar i\u00e7in m\u00fccadele ederken olsun, AK Wien T\u00fcrk-\u0130\u015f adil ve kapsay\u0131c\u0131 bir toplum yaratma hedefinden sapmamaktad\u0131r.\n\n\u201cHerkes i\u00e7in sosyal adalet ve e\u015fitlik\u201d konusundaki g\u00fc\u00e7l\u00fc taahh\u00fcd\u00fcm\u00fczle, kimseyi geride b\u0131rakmama hedefini takip ediyoruz. \u00dcyelerimizle birlikte, herkesin kendini dinlenmi\u015f, de\u011fer verilmi\u015f ve g\u00fc\u00e7lendirilmi\u015f hissetmesi i\u00e7in \u00e7al\u0131\u015f\u0131yoruz.\n\n<img fetchpriority=\"high\" decoding=\"async\" class=\"aligncenter wp-image-1261\" src=\"https:\/\/www.ak-wien-turk-is.at\/wp-content\/uploads\/2025\/01\/827-min.jpg\" alt=\"\" width=\"593\" height=\"396\" srcset=\"https:\/\/www.ak-wien-turk-is.at\/wp-content\/uploads\/2025\/01\/827-min.jpg 1000w, https:\/\/www.ak-wien-turk-is.at\/wp-content\/uploads\/2025\/01\/827-min-300x200.jpg 300w, https:\/\/www.ak-wien-turk-is.at\/wp-content\/uploads\/2025\/01\/827-min-768x512.jpg 768w, https:\/\/www.ak-wien-turk-is.at\/wp-content\/uploads\/2025\/01\/827-min-600x400.jpg 600w, https:\/\/www.ak-wien-turk-is.at\/wp-content\/uploads\/2025\/01\/827-min-150x100.jpg 150w\" sizes=\"(max-width: 593px) 100vw, 593px\" \/>\t\t\t\t\t\t\t\t\t<\/div>\n\t\t\t\t\t\t\t\t<\/div>\n\t\t\t\t\t\t\t\t\t\t\t\t\t<\/div>\n\t\t\t\t\t\t\t\t\t\t<div class=\"accordion-item\">\n\t\t\t\t\t\t\t<h3 class=\"accordion-header\" id=\"heading4\">\n\t            <button class=\"accordion-button\" type=\"button\" data-bs-toggle=\"collapse\" data-bs-target=\"#collapse4\" aria-expanded=\"true\" aria-controls=\"collapse4\">\n\t              Melek K\u00f6se \u2013 Ba\u015fkan\u200b\n\t            <\/button>\n\t        \t<\/h3>\t\t\t\t\t\t\t\t<div id=\"collapse4\" class=\"accordion-collapse collapse \" aria-labelledby=\"heading4\" data-bs-parent=\"#accordionExample\">\n\t\t\t\t\t\t\t\t\t<div class=\"accordion-body\">\n\t\t\t\t\t\t\t\t\t\t<img decoding=\"async\" class=\"alignleft wp-image-1265\" style=\"padding: 10px\" src=\"https:\/\/www.ak-wien-turk-is.at\/wp-content\/uploads\/2025\/01\/melek-kose-about.jpg\" alt=\"\" width=\"193\" height=\"289\" \/><strong>AK-Wien T\u00fcrk-\u0130\u015f<\/strong>'in ba\u015fkanl\u0131\u011f\u0131n\u0131 gururla y\u00fcr\u00fcten Melek K\u00f6se, Viyana'daki T\u00fcrk i\u015f\u00e7i toplulu\u011funun sesini temsil etmektedir. Viyana \u0130\u015f\u00e7i Odas\u0131'n\u0131n se\u00e7ilmi\u015f bir \u00fcyesi olarak, \u00e7al\u0131\u015fanlar\u0131n taleplerinin her d\u00fczeyde duyulmas\u0131n\u0131 sa\u011flamaktad\u0131r. Tescilli arabulucu olarak sahip oldu\u011fu uzmanl\u0131k, derne\u011fin \u00e7at\u0131\u015fma \u00e7\u00f6zme yetene\u011fini g\u00fc\u00e7lendirmektedir.\n\n<strong>G\u00f6rev ve Sorumluluklar<\/strong>\n<ul>\n     <li><strong>AK-Wien T\u00fcrk-\u0130\u015f Ba\u015fkan\u0131: <\/strong>Derne\u011fimizin ba\u015fkan\u0131 olarak Melek K\u00f6se, AK-Wien T\u00fcrk-\u0130\u015f'in stratejik vizyonunu y\u00f6nlendiriyor, topluluklar aras\u0131nda k\u00f6pr\u00fcler kuruyor ve sosyal adalet i\u00e7in m\u00fccadele ediyor.<\/li>\n     <li><strong>Viyana \u0130\u015f\u00e7i Odas\u0131 \u00dcyesi (Kammarr\u00e4tin): <\/strong><a href=\"https:\/\/wien.arbeiterkammer.at\/index.html\" target=\"_blank\" rel=\"noopener\">Viyana \u0130\u015f\u00e7i Odas\u0131<\/a>'n\u0131n se\u00e7ilmi\u015f bir \u00fcyesi olarak, \u00e7al\u0131\u015fanlar\u0131n haklar\u0131n\u0131 savunur ve daha iyi \u00e7al\u0131\u015fma ko\u015fullar\u0131 i\u00e7in \u00e7\u00f6z\u00fcmler \u00fcretir.<\/li>\n     <li><strong>Tescilli arabulucu: <\/strong><a href=\"https:\/\/justizonline.gv.at\/jop\/web\/exl\/0733295\" target=\"_blank\" rel=\"noopener\">Avusturya Adalet Bakanl\u0131\u011f\u0131<\/a> listesinde arabulucu olarak kay\u0131tl\u0131d\u0131r; i\u015fyerindeki \u00e7at\u0131\u015fmalar\u0131n \u00e7\u00f6z\u00fcm\u00fcnde uzmanla\u015fm\u0131\u015ft\u0131r ve bar\u0131\u015f\u00e7\u0131l uzla\u015fmalar\u0131 te\u015fvik etmektedir.<\/li>\n<\/ul>\n<div id=\"gtx-trans\" style=\"position: absolute;left: 173px;top: 526px\">\n<div class=\"gtx-trans-icon\"><\/div>\n<\/div>\t\t\t\t\t\t\t\t\t<\/div>\n\t\t\t\t\t\t\t\t<\/div>\n\t\t\t\t\t\t\t\t\t\t\t\t\t<\/div>\n\t\t\t\t\t\t\t\t\t\t<div class=\"accordion-item\">\n\t\t\t\t\t\t\t<h3 class=\"accordion-header\" id=\"heading5\">\n\t            <button class=\"accordion-button\" type=\"button\" data-bs-toggle=\"collapse\" data-bs-target=\"#collapse5\" aria-expanded=\"true\" aria-controls=\"collapse5\">\n\t              K\u00fcnye\n\t            <\/button>\n\t        \t<\/h3>\t\t\t\t\t\t\t\t<div id=\"collapse5\" class=\"accordion-collapse collapse \" aria-labelledby=\"heading5\" data-bs-parent=\"#accordionExample\">\n\t\t\t\t\t\t\t\t\t<div class=\"accordion-body\">\n\t\t\t\t\t\t\t\t\t\t<div class=\"elementor-element elementor-element-85fd6d7 elementor-widget elementor-widget-text-editor\" data-id=\"\u201c85fd6d7\u201d\" data-element_type=\"\u2018widget\u2019\" data-widget_type=\"\u201ctext-editor.default\u201d\">\n<div class=\"elementor-widget-container\">\n\n<strong>AK Viyana T\u00fcrk-\u0130\u015f <\/strong><\/br>\n\nWehlistrasse 140\/1\/13\nA1020, Viyana, Avusturya<\/br>\n\n<strong>Telefon:<\/strong> +43 676 982 6844<\/br>\n\n<strong>E-posta:<\/strong> <a href=\"mailto:ak.turk.is@outlook.at\">ak.turk.is@outlook.at<\/a>\n\n<\/div>\n<\/div>\n<div class=\"elementor-element elementor-element-0ee62e1 elementor-widget elementor-widget-text-editor\" data-id=\"\u201c0ee62e1\u201d\" data-element_type=\"\u2018widget\u2019\" data-widget_type=\"\u201ctext-editor.default\u201d\">\n<div class=\"elementor-widget-container\">\n<\/br>\n<strong>Yasal Uyar\u0131:<\/strong>\n\nAK Wien T\u00fcrk-\u0130\u015f Association, Avusturya yasalar\u0131na g\u00f6re kay\u0131tl\u0131 bir kurulu\u015ftur. \u00dcyelerimizin ve web sitesi ziyaret\u00e7ilerimizin gizlili\u011fini ve ki\u015fisel verilerini korumay\u0131 taahh\u00fct ediyoruz.\n<\/br>\n<strong>Sorumluluk Reddi:<\/strong>\n\nDo\u011fru ve g\u00fcncel bilgiler sunmak i\u00e7in \u00e7aba sarf etmemize ra\u011fmen, AK Wien T\u00fcrk-\u0130\u015f Association bu web sitesinde sunulan i\u00e7eri\u011fin eksiksizli\u011fi, do\u011frulu\u011fu veya g\u00fcncelli\u011fi konusunda herhangi bir sorumluluk kabul etmez. Harici ba\u011flant\u0131lar bilgilendirme ama\u00e7l\u0131d\u0131r; harici web sitelerinin i\u00e7eri\u011finden sorumlu de\u011filiz.\n<\/br>\n<strong>Telif Hakk\u0131:<\/strong>\n\nMetinler, resimler ve grafikler dahil olmak \u00fczere bu web sitesindeki t\u00fcm i\u00e7erikler telif hakk\u0131 ile korunmaktad\u0131r. \u00d6nceden yaz\u0131l\u0131 izin al\u0131nmadan materyallerin izinsiz kullan\u0131m\u0131, \u00e7o\u011falt\u0131lmas\u0131 veya da\u011f\u0131t\u0131lmas\u0131 yasakt\u0131r.\n\n<\/div>\n<\/div>\n<div id=\"gtx-trans\" style=\"position: absolute;left: -11px;top: 222px\">\n<div class=\"gtx-trans-icon\"><\/div>\n<\/div>\t\t\t\t\t\t\t\t\t<\/div>\n\t\t\t\t\t\t\t\t<\/div>\n\t\t\t\t\t\t\t\t\t\t\t\t\t<\/div>\n\t\t\t\t\t\t\t<\/div>\n\t\t<\/div>\n\t\t\t\t<\/div>\n\t\t\t\t<\/div>\n\t\t\t\t\t<\/div>\n\t\t\t\t<\/div>\n\t\t\t\t<\/div>\n\t\t","protected":false},"excerpt":{"rendered":"Miras\u0131m\u0131z 60 y\u0131l\u0131 a\u015fk\u0131n bir s\u00fcredir T\u00fcrk i\u015f\u00e7iler, Avusturya toplumu ve ekonomisinin vazge\u00e7ilmez bir par\u00e7as\u0131d\u0131r. \u0130lk g\u00f6\u00e7 dalgalar\u0131ndan itibaren sadece i\u015f d\u00fcnyas\u0131na katk\u0131 sa\u011flamakla kalmam\u0131\u015f, ayn\u0131 zamanda Avusturya k\u00fclt\u00fcr\u00fcn\u00fcn ve sosyal dokusunun \u015fekillenmesinde de merkezi bir rol oynam\u0131\u015flard\u0131r. Kararl\u0131l\u0131klar\u0131, \u00e7al\u0131\u015fkanl\u0131klar\u0131 ve dayan\u0131kl\u0131l\u0131klar\u0131, gelecek nesillerin ba\u015far\u0131s\u0131n\u0131n temelini olu\u015fturmu\u015ftur. AK Wien T\u00fcrk-\u0130\u015f, t\u00fcm \u00e7al\u0131\u015fanlar\u0131n, \u00f6zellikle de g\u00f6\u00e7men ","protected":false},"author":1,"featured_media":0,"parent":0,"menu_order":0,"comment_status":"closed","ping_status":"closed","template":"elementor_header_footer","meta":{"footnotes":""},"class_list":["post-1682","page","type-page","status-publish","hentry"],"_links":{"self":[{"href":"https:\/\/www.ak-wien-turk-is.at\/tr\/wp-json\/wp\/v2\/pages\/1682","targetHints":{"allow":["GET"]}}],"collection":[{"href":"https:\/\/www.ak-wien-turk-is.at\/tr\/wp-json\/wp\/v2\/pages"}],"about":[{"href":"https:\/\/www.ak-wien-turk-is.at\/tr\/wp-json\/wp\/v2\/types\/page"}],"author":[{"embeddable":true,"href":"https:\/\/www.ak-wien-turk-is.at\/tr\/wp-json\/wp\/v2\/users\/1"}],"replies":[{"embeddable":true,"href":"https:\/\/www.ak-wien-turk-is.at\/tr\/wp-json\/wp\/v2\/comments?post=1682"}],"version-history":[{"count":7,"href":"https:\/\/www.ak-wien-turk-is.at\/tr\/wp-json\/wp\/v2\/pages\/1682\/revisions"}],"predecessor-version":[{"id":1689,"href":"https:\/\/www.ak-wien-turk-is.at\/tr\/wp-json\/wp\/v2\/pages\/1682\/revisions\/1689"}],"wp:attachment":[{"href":"https:\/\/www.ak-wien-turk-is.at\/tr\/wp-json\/wp\/v2\/media?parent=1682"}],"curies":[{"name":"wp","href":"https:\/\/api.w.org\/{rel}","templated":true}]}}